{"id":24311,"date":"2025-10-18T20:11:28","date_gmt":"2025-10-18T20:11:28","guid":{"rendered":"https:\/\/mooda.co\/v2\/?post_type=product&#038;p=24311"},"modified":"2026-02-11T00:22:59","modified_gmt":"2026-02-11T00:22:59","slug":"chaqueta-hombre-impermeable-dos-piezas","status":"publish","type":"product","link":"https:\/\/mooda.co\/v2\/producto\/chaqueta-hombre-impermeable-dos-piezas\/","title":{"rendered":"Chaqueta Hombre Impermeable Dos Piezas"},"content":{"rendered":"<ul class=\"a-unordered-list a-vertical a-spacing-small\">\n<li><span class=\"a-list-item a-size-base a-color-base\">Material: carcasa de poli\u00e9ster de alta calidad, ligera, resistente al desgarro y resistente al agua. La capa exterior est\u00e1 hecha de algod\u00f3n lavado y cada costura tiene un hilo s\u00f3lido. Sin decoloraci\u00f3n, sin arrugas. La carcasa transpirable y duradera hace que su trabajo sea m\u00e1s c\u00f3modo<\/span><\/li>\n<\/ul>\n<ul class=\"a-unordered-list a-vertical a-spacing-small\">\n<li><span class=\"a-list-item a-size-base a-color-base\">Estilo: dise\u00f1o de cremallera, pu\u00f1os el\u00e1sticos, estas chaquetas de nieve para hombre se pueden usar como abrigo de snowboard, chaqueta de invierno a prueba de viento, abrigo de nieve c\u00e1lido y c\u00f3moda chaqueta de monta\u00f1a. Un tipo de abrigo de invierno ideal para diversas actividades al aire libre como camping, escalada, equitaci\u00f3n, tiro, pesca, fotograf\u00eda y otros deportes de invierno al aire libre.<\/span><\/li>\n<\/ul>\n<ul class=\"a-unordered-list a-vertical a-spacing-small\">\n<li><span class=\"a-list-item a-size-base a-color-base\">Dise\u00f1o: dise\u00f1o cl\u00e1sico y funcional, cremallera, capa impermeable, cuello alto, pu\u00f1os de punto que te mantienen alejado del fr\u00edo y te mantienen c\u00f3modo. Dise\u00f1o de gran tama\u00f1o para un estilo moderno y moderno. Varios parches proporcionan un aspecto elegante de chaqueta militar.<\/span><\/li>\n<\/ul>\n","protected":false},"excerpt":{"rendered":"<p>Excelente calidad de materiales.<br \/>\nDise\u00f1o moderno para toda ocasi\u00f3n.<br \/>\nBolsillos funcionales.<\/p>\n","protected":false},"featured_media":24339,"template":"","meta":[],"product_brand":[],"product_cat":[61,116],"product_tag":[],"class_list":{"0":"post-24311","1":"product","2":"type-product","3":"status-publish","4":"has-post-thumbnail","6":"product_cat-hombres","7":"product_cat-chaquetas-hombre","8":"product_shipping_class-nacional","10":"first","11":"instock","12":"sale","13":"taxable","14":"shipping-taxable","15":"purchasable","16":"product-type-variable","17":"has-default-attributes"},"_links":{"self":[{"href":"https:\/\/mooda.co\/v2\/wp-json\/wp\/v2\/product\/24311","targetHints":{"allow":["GET"]}}],"collection":[{"href":"https:\/\/mooda.co\/v2\/wp-json\/wp\/v2\/product"}],"about":[{"href":"https:\/\/mooda.co\/v2\/wp-json\/wp\/v2\/types\/product"}],"version-history":[{"count":1,"href":"https:\/\/mooda.co\/v2\/wp-json\/wp\/v2\/product\/24311\/revisions"}],"predecessor-version":[{"id":24340,"href":"https:\/\/mooda.co\/v2\/wp-json\/wp\/v2\/product\/24311\/revisions\/24340"}],"wp:featuredmedia":[{"embeddable":true,"href":"https:\/\/mooda.co\/v2\/wp-json\/wp\/v2\/media\/24339"}],"wp:attachment":[{"href":"https:\/\/mooda.co\/v2\/wp-json\/wp\/v2\/media?parent=24311"}],"wp:term":[{"taxonomy":"product_brand","embeddable":true,"href":"https:\/\/mooda.co\/v2\/wp-json\/wp\/v2\/product_brand?post=24311"},{"taxonomy":"product_cat","embeddable":true,"href":"https:\/\/mooda.co\/v2\/wp-json\/wp\/v2\/product_cat?post=24311"},{"taxonomy":"product_tag","embeddable":true,"href":"https:\/\/mooda.co\/v2\/wp-json\/wp\/v2\/product_tag?post=24311"}],"curies":[{"name":"wp","href":"https:\/\/api.w.org\/{rel}","templated":true}]}}